{"id":5351,"date":"2024-06-01T15:10:08","date_gmt":"2024-06-01T15:10:08","guid":{"rendered":"https:\/\/goatsportsclinic.com\/coacher\/martin-strante\/"},"modified":"2026-04-18T09:04:56","modified_gmt":"2026-04-18T09:04:56","slug":"martin-strante","status":"publish","type":"page","link":"https:\/\/goatsportsclinic.com\/sv\/vart-team\/martin-strante\/","title":{"rendered":"Martin Strante"},"content":{"rendered":"\t\t<div data-elementor-type=\"wp-post\" data-elementor-id=\"5351\" class=\"elementor elementor-5351 elementor-5174\" data-elementor-post-type=\"page\">\n\t\t\t\t\t\t<section class=\"elementor-section elementor-top-section elementor-element elementor-element-08a7ef4 elementor-section-full_width elementor-section-height-default elementor-section-height-default\" data-id=\"08a7ef4\" data-element_type=\"section\" data-e-type=\"section\" data-settings=\"{&quot;background_background&quot;:&quot;gradient&quot;}\">\n\t\t\t\t\t\t<div class=\"elementor-container elementor-column-gap-wider\">\n\t\t\t\t\t<div class=\"elementor-column elementor-col-50 elementor-top-column elementor-element elementor-element-5a0dcdd\" data-id=\"5a0dcdd\" data-element_type=\"column\" data-e-type=\"column\" data-settings=\"{&quot;background_background&quot;:&quot;classic&quot;}\">\n\t\t\t<div class=\"elementor-widget-wrap elementor-element-populated\">\n\t\t\t\t\t\t<div class=\"elementor-element elementor-element-e3dcb82 elementor-widget elementor-widget-spacer\" data-id=\"e3dcb82\" data-element_type=\"widget\" data-e-type=\"widget\" data-widget_type=\"spacer.default\">\n\t\t\t\t<div class=\"elementor-widget-container\">\n\t\t\t\t\t\t\t<div class=\"elementor-spacer\">\n\t\t\t<div class=\"elementor-spacer-inner\"><\/div>\n\t\t<\/div>\n\t\t\t\t\t\t<\/div>\n\t\t\t\t<\/div>\n\t\t\t\t\t<\/div>\n\t\t<\/div>\n\t\t\t\t<div class=\"elementor-column elementor-col-50 elementor-top-column elementor-element elementor-element-56d519f\" data-id=\"56d519f\" data-element_type=\"column\" data-e-type=\"column\" data-settings=\"{&quot;background_background&quot;:&quot;classic&quot;}\">\n\t\t\t<div class=\"elementor-widget-wrap elementor-element-populated\">\n\t\t\t\t\t\t<div class=\"elementor-element elementor-element-f75dd74 elementor-invisible elementor-widget elementor-widget-heading\" data-id=\"f75dd74\" data-element_type=\"widget\" data-e-type=\"widget\" data-settings=\"{&quot;_animation&quot;:&quot;fadeInUp&quot;,&quot;_animation_delay&quot;:&quot;150&quot;}\" data-widget_type=\"heading.default\">\n\t\t\t\t<div class=\"elementor-widget-container\">\n\t\t\t\t\t<h1 class=\"elementor-heading-title elementor-size-default\">Martin Strante<\/h1>\t\t\t\t<\/div>\n\t\t\t\t<\/div>\n\t\t\t\t<div class=\"elementor-element elementor-element-b0aca55 elementor-invisible elementor-widget elementor-widget-heading\" data-id=\"b0aca55\" data-element_type=\"widget\" data-e-type=\"widget\" data-settings=\"{&quot;_animation&quot;:&quot;fadeInUp&quot;,&quot;_animation_delay&quot;:&quot;150&quot;}\" data-widget_type=\"heading.default\">\n\t\t\t\t<div class=\"elementor-widget-container\">\n\t\t\t\t\t<h2 class=\"elementor-heading-title elementor-size-default\">Naprapat | Head Coach<\/h2>\t\t\t\t<\/div>\n\t\t\t\t<\/div>\n\t\t\t\t<div class=\"elementor-element elementor-element-6746c84 elementor-invisible elementor-widget elementor-widget-text-editor\" data-id=\"6746c84\" data-element_type=\"widget\" data-e-type=\"widget\" data-settings=\"{&quot;_animation&quot;:&quot;fadeInUp&quot;,&quot;_animation_delay&quot;:300}\" data-widget_type=\"text-editor.default\">\n\t\t\t\t<div class=\"elementor-widget-container\">\n\t\t\t\t\t\t\t\t\t<p><b>Specialistomr\u00e5den:<\/b> Elittr\u00e4ning, rehabilitering och manuell behandling inom naprapati.<\/p><p>Martin har under m\u00e5nga \u00e5r v\u00e4glett m\u00e4nniskor i deras fysiska resor, allt ifr\u00e5n vardagsmotion\u00e4rer till elitidrottare.<\/p><p>Efter att sj\u00e4lv ha genomg\u00e5tt tv\u00e5 stycken korsbandsskador och l\u00e5nga perioder av rehabilitering best\u00e4mde han sig f\u00f6r att hj\u00e4lpa andra, b\u00e5de i rehabiliteringsprocessen men \u00e4ven i ett skadef\u00f6rebyggande syfte. Martin har sj\u00e4lv coachat och tr\u00e4nat crossfit, fotboll, yoga och klassisk styrketr\u00e4ning vilket ger en bred f\u00f6rst\u00e5else f\u00f6r kroppens funktioner. <\/p><p>Som b\u00e5de naprapat och coach har Martin kompetensen och verktygen som kr\u00e4vs f\u00f6r att v\u00e4gleda dig fr\u00e5n ditt befintliga nul\u00e4ge till att utvecklas till att bli din b\u00e4sta version.<\/p><p>Martin hittar ni i Stockholm.<\/p><p><a href=\"mailto:martin.strante@goatfactorygroup.com\">martin.strante@goatfactorygroup.com<\/a><br><a href=\"tel:+46761914128\">+46 761 91 41 28<\/a><br><a href=\"https:\/\/www.instagram.com\/strante\/\">@strante<\/a><\/p>\t\t\t\t\t\t\t\t<\/div>\n\t\t\t\t<\/div>\n\t\t\t\t\t<\/div>\n\t\t<\/div>\n\t\t\t\t\t<\/div>\n\t\t<\/section>\n\t\t\t\t<\/div>\n\t\t","protected":false},"excerpt":{"rendered":"<p>Martin Strante Naprapat | Head Coach Specialistomr\u00e5den: Elittr\u00e4ning, rehabilitering och manuell behandling inom naprapati. Martin har under m\u00e5nga \u00e5r v\u00e4glett m\u00e4nniskor i deras fysiska resor, allt ifr\u00e5n vardagsmotion\u00e4rer till elitidrottare. Efter att sj\u00e4lv ha genomg\u00e5tt tv\u00e5 stycken korsbandsskador och l\u00e5nga &hellip; <a href=\"https:\/\/goatsportsclinic.com\/sv\/vart-team\/martin-strante\/\">Read More<\/a><\/p>\n","protected":false},"author":1,"featured_media":2691,"parent":5098,"menu_order":2,"comment_status":"closed","ping_status":"closed","template":"","meta":{"_monsterinsights_skip_tracking":false,"_monsterinsights_sitenote_active":false,"_monsterinsights_sitenote_note":"","_monsterinsights_sitenote_category":0,"footnotes":""},"class_list":["post-5351","page","type-page","status-publish","has-post-thumbnail","hentry"],"_links":{"self":[{"href":"https:\/\/goatsportsclinic.com\/sv\/wp-json\/wp\/v2\/pages\/5351","targetHints":{"allow":["GET"]}}],"collection":[{"href":"https:\/\/goatsportsclinic.com\/sv\/wp-json\/wp\/v2\/pages"}],"about":[{"href":"https:\/\/goatsportsclinic.com\/sv\/wp-json\/wp\/v2\/types\/page"}],"author":[{"embeddable":true,"href":"https:\/\/goatsportsclinic.com\/sv\/wp-json\/wp\/v2\/users\/1"}],"replies":[{"embeddable":true,"href":"https:\/\/goatsportsclinic.com\/sv\/wp-json\/wp\/v2\/comments?post=5351"}],"version-history":[{"count":7,"href":"https:\/\/goatsportsclinic.com\/sv\/wp-json\/wp\/v2\/pages\/5351\/revisions"}],"predecessor-version":[{"id":11911,"href":"https:\/\/goatsportsclinic.com\/sv\/wp-json\/wp\/v2\/pages\/5351\/revisions\/11911"}],"up":[{"embeddable":true,"href":"https:\/\/goatsportsclinic.com\/sv\/wp-json\/wp\/v2\/pages\/5098"}],"wp:featuredmedia":[{"embeddable":true,"href":"https:\/\/goatsportsclinic.com\/sv\/wp-json\/wp\/v2\/media\/2691"}],"wp:attachment":[{"href":"https:\/\/goatsportsclinic.com\/sv\/wp-json\/wp\/v2\/media?parent=5351"}],"curies":[{"name":"wp","href":"https:\/\/api.w.org\/{rel}","templated":true}]}}