{"id":5349,"date":"2024-06-01T14:49:52","date_gmt":"2024-06-01T14:49:52","guid":{"rendered":"https:\/\/goatsportsclinic.com\/coacher\/mihaly-michi-szeregnyi\/"},"modified":"2026-04-22T14:07:22","modified_gmt":"2026-04-22T14:07:22","slug":"mihaly-michi-szeregnyi","status":"publish","type":"page","link":"https:\/\/goatsportsclinic.com\/sv\/vart-team\/mihaly-michi-szeregnyi\/","title":{"rendered":"Mihaly \u201dMichi\u201d Szeregnyi"},"content":{"rendered":"\t\t<div data-elementor-type=\"wp-post\" data-elementor-id=\"5349\" class=\"elementor elementor-5349 elementor-5194\" data-elementor-post-type=\"page\">\n\t\t\t\t\t\t<section class=\"elementor-section elementor-top-section elementor-element elementor-element-08a7ef4 elementor-section-full_width elementor-section-height-default elementor-section-height-default\" data-id=\"08a7ef4\" data-element_type=\"section\" data-e-type=\"section\" data-settings=\"{&quot;background_background&quot;:&quot;gradient&quot;}\">\n\t\t\t\t\t\t<div class=\"elementor-container elementor-column-gap-wider\">\n\t\t\t\t\t<div class=\"elementor-column elementor-col-50 elementor-top-column elementor-element elementor-element-5a0dcdd\" data-id=\"5a0dcdd\" data-element_type=\"column\" data-e-type=\"column\" data-settings=\"{&quot;background_background&quot;:&quot;classic&quot;}\">\n\t\t\t<div class=\"elementor-widget-wrap elementor-element-populated\">\n\t\t\t\t\t\t<div class=\"elementor-element elementor-element-e3dcb82 elementor-widget elementor-widget-spacer\" data-id=\"e3dcb82\" data-element_type=\"widget\" data-e-type=\"widget\" data-widget_type=\"spacer.default\">\n\t\t\t\t<div class=\"elementor-widget-container\">\n\t\t\t\t\t\t\t<div class=\"elementor-spacer\">\n\t\t\t<div class=\"elementor-spacer-inner\"><\/div>\n\t\t<\/div>\n\t\t\t\t\t\t<\/div>\n\t\t\t\t<\/div>\n\t\t\t\t\t<\/div>\n\t\t<\/div>\n\t\t\t\t<div class=\"elementor-column elementor-col-50 elementor-top-column elementor-element elementor-element-56d519f\" data-id=\"56d519f\" data-element_type=\"column\" data-e-type=\"column\" data-settings=\"{&quot;background_background&quot;:&quot;classic&quot;}\">\n\t\t\t<div class=\"elementor-widget-wrap elementor-element-populated\">\n\t\t\t\t\t\t<div class=\"elementor-element elementor-element-f75dd74 elementor-invisible elementor-widget elementor-widget-heading\" data-id=\"f75dd74\" data-element_type=\"widget\" data-e-type=\"widget\" data-settings=\"{&quot;_animation&quot;:&quot;fadeInUp&quot;,&quot;_animation_delay&quot;:&quot;150&quot;}\" data-widget_type=\"heading.default\">\n\t\t\t\t<div class=\"elementor-widget-container\">\n\t\t\t\t\t<h1 class=\"elementor-heading-title elementor-size-default\">Mihaly \u201dMichi\u201d Szeregnyi<\/h1>\t\t\t\t<\/div>\n\t\t\t\t<\/div>\n\t\t\t\t<div class=\"elementor-element elementor-element-b0aca55 elementor-invisible elementor-widget elementor-widget-heading\" data-id=\"b0aca55\" data-element_type=\"widget\" data-e-type=\"widget\" data-settings=\"{&quot;_animation&quot;:&quot;fadeInUp&quot;,&quot;_animation_delay&quot;:&quot;150&quot;}\" data-widget_type=\"heading.default\">\n\t\t\t\t<div class=\"elementor-widget-container\">\n\t\t\t\t\t<h2 class=\"elementor-heading-title elementor-size-default\">Personlig Tr\u00e4nare<\/h2>\t\t\t\t<\/div>\n\t\t\t\t<\/div>\n\t\t\t\t<div class=\"elementor-element elementor-element-6746c84 elementor-invisible elementor-widget elementor-widget-text-editor\" data-id=\"6746c84\" data-element_type=\"widget\" data-e-type=\"widget\" data-settings=\"{&quot;_animation&quot;:&quot;fadeInUp&quot;,&quot;_animation_delay&quot;:300}\" data-widget_type=\"text-editor.default\">\n\t\t\t\t<div class=\"elementor-widget-container\">\n\t\t\t\t\t\t\t\t\t<p><b>Specialistomr\u00e5den:<\/b> Personlig coachning, tr\u00e4ningsprogram och seniortr\u00e4ning.<\/p><p>Michi har fokuserat p\u00e5 tr\u00e4ning och h\u00e4lsa i flera \u00e5r. Han \u00e4r mycket m\u00e5n om struktur och att g\u00f6ra saker p\u00e5 r\u00e4tt s\u00e4tt, vilket avspeglar sig i hans klienters teknik. Michi tycker att det \u00e4r viktigt att st\u00f6tta de \u00e4ldre i samh\u00e4llet. Han vet hur viktigt det \u00e4r att skapa en stark grund f\u00f6r att klara av det som blir sv\u00e5rare med \u00e5ldern. Du hittar honom ofta som coach f\u00f6r de seniorer som tr\u00e4nar i v\u00e5r anl\u00e4ggning.    <\/p><p>Michi hittar ni i Malm\u00f6.<\/p><p><a href=\"tel:+46733547491\">+46 733 54 74 91<\/a><br><a href=\"https:\/\/www.instagram.com\/misimihaly\/\">@misimihaly<\/a><\/p>\t\t\t\t\t\t\t\t<\/div>\n\t\t\t\t<\/div>\n\t\t\t\t\t<\/div>\n\t\t<\/div>\n\t\t\t\t\t<\/div>\n\t\t<\/section>\n\t\t\t\t<\/div>\n\t\t","protected":false},"excerpt":{"rendered":"<p>Mihaly \u201dMichi\u201d Szeregnyi Personlig Tr\u00e4nare Specialistomr\u00e5den: Personlig coachning, tr\u00e4ningsprogram och seniortr\u00e4ning. Michi har fokuserat p\u00e5 tr\u00e4ning och h\u00e4lsa i flera \u00e5r. Han \u00e4r mycket m\u00e5n om struktur och att g\u00f6ra saker p\u00e5 r\u00e4tt s\u00e4tt, vilket avspeglar sig i hans klienters &hellip; <a href=\"https:\/\/goatsportsclinic.com\/sv\/vart-team\/mihaly-michi-szeregnyi\/\">Read More<\/a><\/p>\n","protected":false},"author":1,"featured_media":2693,"parent":5098,"menu_order":2,"comment_status":"closed","ping_status":"closed","template":"","meta":{"_monsterinsights_skip_tracking":false,"_monsterinsights_sitenote_active":false,"_monsterinsights_sitenote_note":"","_monsterinsights_sitenote_category":0,"footnotes":""},"class_list":["post-5349","page","type-page","status-publish","has-post-thumbnail","hentry"],"_links":{"self":[{"href":"https:\/\/goatsportsclinic.com\/sv\/wp-json\/wp\/v2\/pages\/5349","targetHints":{"allow":["GET"]}}],"collection":[{"href":"https:\/\/goatsportsclinic.com\/sv\/wp-json\/wp\/v2\/pages"}],"about":[{"href":"https:\/\/goatsportsclinic.com\/sv\/wp-json\/wp\/v2\/types\/page"}],"author":[{"embeddable":true,"href":"https:\/\/goatsportsclinic.com\/sv\/wp-json\/wp\/v2\/users\/1"}],"replies":[{"embeddable":true,"href":"https:\/\/goatsportsclinic.com\/sv\/wp-json\/wp\/v2\/comments?post=5349"}],"version-history":[{"count":5,"href":"https:\/\/goatsportsclinic.com\/sv\/wp-json\/wp\/v2\/pages\/5349\/revisions"}],"predecessor-version":[{"id":11973,"href":"https:\/\/goatsportsclinic.com\/sv\/wp-json\/wp\/v2\/pages\/5349\/revisions\/11973"}],"up":[{"embeddable":true,"href":"https:\/\/goatsportsclinic.com\/sv\/wp-json\/wp\/v2\/pages\/5098"}],"wp:featuredmedia":[{"embeddable":true,"href":"https:\/\/goatsportsclinic.com\/sv\/wp-json\/wp\/v2\/media\/2693"}],"wp:attachment":[{"href":"https:\/\/goatsportsclinic.com\/sv\/wp-json\/wp\/v2\/media?parent=5349"}],"curies":[{"name":"wp","href":"https:\/\/api.w.org\/{rel}","templated":true}]}}