{"id":5347,"date":"2024-06-01T14:53:17","date_gmt":"2024-06-01T14:53:17","guid":{"rendered":"https:\/\/goatsportsclinic.com\/coacher\/samuel-veikkolainen\/"},"modified":"2026-04-22T14:05:56","modified_gmt":"2026-04-22T14:05:56","slug":"samuel-veikkolainen","status":"publish","type":"page","link":"https:\/\/goatsportsclinic.com\/sv\/vart-team\/samuel-veikkolainen\/","title":{"rendered":"Samuel Veikkolainen"},"content":{"rendered":"\t\t<div data-elementor-type=\"wp-post\" data-elementor-id=\"5347\" class=\"elementor elementor-5347 elementor-5199\" data-elementor-post-type=\"page\">\n\t\t\t\t\t\t<section class=\"elementor-section elementor-top-section elementor-element elementor-element-08a7ef4 elementor-section-full_width elementor-section-height-default elementor-section-height-default\" data-id=\"08a7ef4\" data-element_type=\"section\" data-e-type=\"section\" data-settings=\"{&quot;background_background&quot;:&quot;gradient&quot;}\">\n\t\t\t\t\t\t<div class=\"elementor-container elementor-column-gap-wider\">\n\t\t\t\t\t<div class=\"elementor-column elementor-col-50 elementor-top-column elementor-element elementor-element-5a0dcdd\" data-id=\"5a0dcdd\" data-element_type=\"column\" data-e-type=\"column\" data-settings=\"{&quot;background_background&quot;:&quot;classic&quot;}\">\n\t\t\t<div class=\"elementor-widget-wrap elementor-element-populated\">\n\t\t\t\t\t\t<div class=\"elementor-element elementor-element-e3dcb82 elementor-widget elementor-widget-spacer\" data-id=\"e3dcb82\" data-element_type=\"widget\" data-e-type=\"widget\" data-widget_type=\"spacer.default\">\n\t\t\t\t<div class=\"elementor-widget-container\">\n\t\t\t\t\t\t\t<div class=\"elementor-spacer\">\n\t\t\t<div class=\"elementor-spacer-inner\"><\/div>\n\t\t<\/div>\n\t\t\t\t\t\t<\/div>\n\t\t\t\t<\/div>\n\t\t\t\t\t<\/div>\n\t\t<\/div>\n\t\t\t\t<div class=\"elementor-column elementor-col-50 elementor-top-column elementor-element elementor-element-56d519f\" data-id=\"56d519f\" data-element_type=\"column\" data-e-type=\"column\" data-settings=\"{&quot;background_background&quot;:&quot;classic&quot;}\">\n\t\t\t<div class=\"elementor-widget-wrap elementor-element-populated\">\n\t\t\t\t\t\t<div class=\"elementor-element elementor-element-f75dd74 elementor-invisible elementor-widget elementor-widget-heading\" data-id=\"f75dd74\" data-element_type=\"widget\" data-e-type=\"widget\" data-settings=\"{&quot;_animation&quot;:&quot;fadeInUp&quot;,&quot;_animation_delay&quot;:&quot;150&quot;}\" data-widget_type=\"heading.default\">\n\t\t\t\t<div class=\"elementor-widget-container\">\n\t\t\t\t\t<h1 class=\"elementor-heading-title elementor-size-default\">Samuel Veikkolainen<\/h1>\t\t\t\t<\/div>\n\t\t\t\t<\/div>\n\t\t\t\t<div class=\"elementor-element elementor-element-b0aca55 elementor-invisible elementor-widget elementor-widget-heading\" data-id=\"b0aca55\" data-element_type=\"widget\" data-e-type=\"widget\" data-settings=\"{&quot;_animation&quot;:&quot;fadeInUp&quot;,&quot;_animation_delay&quot;:&quot;150&quot;}\" data-widget_type=\"heading.default\">\n\t\t\t\t<div class=\"elementor-widget-container\">\n\t\t\t\t\t<h2 class=\"elementor-heading-title elementor-size-default\">Tennis Coach<\/h2>\t\t\t\t<\/div>\n\t\t\t\t<\/div>\n\t\t\t\t<div class=\"elementor-element elementor-element-6746c84 elementor-invisible elementor-widget elementor-widget-text-editor\" data-id=\"6746c84\" data-element_type=\"widget\" data-e-type=\"widget\" data-settings=\"{&quot;_animation&quot;:&quot;fadeInUp&quot;,&quot;_animation_delay&quot;:300}\" data-widget_type=\"text-editor.default\">\n\t\t\t\t<div class=\"elementor-widget-container\">\n\t\t\t\t\t\t\t\t\t<p><b>Specialistomr\u00e5den:<\/b> Personlig coachning, Tennis coachning<\/p><p>Som en tenniscoach har Samuel en gedigen erfarenhet inom den svenska elittennisen, med flera segrar i olika t\u00e4vlingar p\u00e5 nationell niv\u00e5, inklusive SM. Hans kompetens str\u00e4cker sig b\u00e5de till en djup f\u00f6rst\u00e5else av spelet och en n\u00e4ra k\u00e4nsla f\u00f6r bollen p\u00e5 banan. <\/p><p>Ut\u00f6ver sin tenniserfarenhet \u00e4r Samuel \u00e4ven en kvalificerad fyscoach med en s\u00e4rskild inriktning p\u00e5 att genomf\u00f6ra noggranna nul\u00e4gesanalyser och skapa individuellt anpassade tr\u00e4ningsprogram f\u00f6r sina klienter.<\/p><p>Samuel sj\u00e4lv spelar med enhandsbackhand men \u00e4r lika duktig p\u00e5 l\u00e4ra ut tv\u00e5handsbackhand. De b\u00e4sta matcherna spelades trots allt mellan Roger Federer och Rafael Nadal. <\/p><p>Samuel hittar ni i Stockholm.<\/p><p><a href=\"mailto:samuel.veikkolainen@goatfactorygroup.com\">samuel.veikkolainen@goatfactorygroup.com<\/a><br><a href=\"tel:+46723029021\">+46 723 02 90 21<\/a><br><a href=\"https:\/\/www.instagram.com\/s.veikkolainen\/\">@s.veikkolainen<\/a><\/p>\t\t\t\t\t\t\t\t<\/div>\n\t\t\t\t<\/div>\n\t\t\t\t\t<\/div>\n\t\t<\/div>\n\t\t\t\t\t<\/div>\n\t\t<\/section>\n\t\t\t\t<\/div>\n\t\t","protected":false},"excerpt":{"rendered":"<p>Samuel Veikkolainen Tennis Coach Specialistomr\u00e5den: Personlig coachning, Tennis coachning Som en tenniscoach har Samuel en gedigen erfarenhet inom den svenska elittennisen, med flera segrar i olika t\u00e4vlingar p\u00e5 nationell niv\u00e5, inklusive SM. Hans kompetens str\u00e4cker sig b\u00e5de till en djup &hellip; <a href=\"https:\/\/goatsportsclinic.com\/sv\/vart-team\/samuel-veikkolainen\/\">Read More<\/a><\/p>\n","protected":false},"author":1,"featured_media":3074,"parent":5098,"menu_order":2,"comment_status":"closed","ping_status":"closed","template":"","meta":{"_monsterinsights_skip_tracking":false,"_monsterinsights_sitenote_active":false,"_monsterinsights_sitenote_note":"","_monsterinsights_sitenote_category":0,"footnotes":""},"class_list":["post-5347","page","type-page","status-publish","has-post-thumbnail","hentry"],"_links":{"self":[{"href":"https:\/\/goatsportsclinic.com\/sv\/wp-json\/wp\/v2\/pages\/5347","targetHints":{"allow":["GET"]}}],"collection":[{"href":"https:\/\/goatsportsclinic.com\/sv\/wp-json\/wp\/v2\/pages"}],"about":[{"href":"https:\/\/goatsportsclinic.com\/sv\/wp-json\/wp\/v2\/types\/page"}],"author":[{"embeddable":true,"href":"https:\/\/goatsportsclinic.com\/sv\/wp-json\/wp\/v2\/users\/1"}],"replies":[{"embeddable":true,"href":"https:\/\/goatsportsclinic.com\/sv\/wp-json\/wp\/v2\/comments?post=5347"}],"version-history":[{"count":7,"href":"https:\/\/goatsportsclinic.com\/sv\/wp-json\/wp\/v2\/pages\/5347\/revisions"}],"predecessor-version":[{"id":11967,"href":"https:\/\/goatsportsclinic.com\/sv\/wp-json\/wp\/v2\/pages\/5347\/revisions\/11967"}],"up":[{"embeddable":true,"href":"https:\/\/goatsportsclinic.com\/sv\/wp-json\/wp\/v2\/pages\/5098"}],"wp:featuredmedia":[{"embeddable":true,"href":"https:\/\/goatsportsclinic.com\/sv\/wp-json\/wp\/v2\/media\/3074"}],"wp:attachment":[{"href":"https:\/\/goatsportsclinic.com\/sv\/wp-json\/wp\/v2\/media?parent=5347"}],"curies":[{"name":"wp","href":"https:\/\/api.w.org\/{rel}","templated":true}]}}