{"id":5345,"date":"2024-06-01T15:05:44","date_gmt":"2024-06-01T15:05:44","guid":{"rendered":"https:\/\/goatsportsclinic.com\/coacher\/elena-sadiku\/"},"modified":"2025-07-09T17:21:11","modified_gmt":"2025-07-09T17:21:11","slug":"elena-sadiku","status":"publish","type":"page","link":"https:\/\/goatsportsclinic.com\/sv\/vart-team\/elena-sadiku\/","title":{"rendered":"Elena Sadiku"},"content":{"rendered":"\t\t<div data-elementor-type=\"wp-post\" data-elementor-id=\"5345\" class=\"elementor elementor-5345 elementor-5213\" data-elementor-post-type=\"page\">\n\t\t\t\t\t\t<section class=\"elementor-section elementor-top-section elementor-element elementor-element-08a7ef4 elementor-section-full_width elementor-section-height-default elementor-section-height-default\" data-id=\"08a7ef4\" data-element_type=\"section\" data-e-type=\"section\" data-settings=\"{&quot;background_background&quot;:&quot;gradient&quot;}\">\n\t\t\t\t\t\t<div class=\"elementor-container elementor-column-gap-wider\">\n\t\t\t\t\t<div class=\"elementor-column elementor-col-50 elementor-top-column elementor-element elementor-element-5a0dcdd\" data-id=\"5a0dcdd\" data-element_type=\"column\" data-e-type=\"column\" data-settings=\"{&quot;background_background&quot;:&quot;classic&quot;}\">\n\t\t\t<div class=\"elementor-widget-wrap elementor-element-populated\">\n\t\t\t\t\t\t<div class=\"elementor-element elementor-element-e3dcb82 elementor-widget elementor-widget-spacer\" data-id=\"e3dcb82\" data-element_type=\"widget\" data-e-type=\"widget\" data-widget_type=\"spacer.default\">\n\t\t\t\t<div class=\"elementor-widget-container\">\n\t\t\t\t\t\t\t<div class=\"elementor-spacer\">\n\t\t\t<div class=\"elementor-spacer-inner\"><\/div>\n\t\t<\/div>\n\t\t\t\t\t\t<\/div>\n\t\t\t\t<\/div>\n\t\t\t\t\t<\/div>\n\t\t<\/div>\n\t\t\t\t<div class=\"elementor-column elementor-col-50 elementor-top-column elementor-element elementor-element-56d519f\" data-id=\"56d519f\" data-element_type=\"column\" data-e-type=\"column\" data-settings=\"{&quot;background_background&quot;:&quot;classic&quot;}\">\n\t\t\t<div class=\"elementor-widget-wrap elementor-element-populated\">\n\t\t\t\t\t\t<div class=\"elementor-element elementor-element-f75dd74 elementor-invisible elementor-widget elementor-widget-heading\" data-id=\"f75dd74\" data-element_type=\"widget\" data-e-type=\"widget\" data-settings=\"{&quot;_animation&quot;:&quot;fadeInUp&quot;,&quot;_animation_delay&quot;:&quot;150&quot;}\" data-widget_type=\"heading.default\">\n\t\t\t\t<div class=\"elementor-widget-container\">\n\t\t\t\t\t<h1 class=\"elementor-heading-title elementor-size-default\">Elena Sadiku<\/h1>\t\t\t\t<\/div>\n\t\t\t\t<\/div>\n\t\t\t\t<div class=\"elementor-element elementor-element-b0aca55 elementor-invisible elementor-widget elementor-widget-heading\" data-id=\"b0aca55\" data-element_type=\"widget\" data-e-type=\"widget\" data-settings=\"{&quot;_animation&quot;:&quot;fadeInUp&quot;,&quot;_animation_delay&quot;:&quot;150&quot;}\" data-widget_type=\"heading.default\">\n\t\t\t\t<div class=\"elementor-widget-container\">\n\t\t\t\t\t<h2 class=\"elementor-heading-title elementor-size-default\">UEFA A Lic. Coach | Ambassad\u00f6r <\/h2>\t\t\t\t<\/div>\n\t\t\t\t<\/div>\n\t\t\t\t<div class=\"elementor-element elementor-element-6746c84 elementor-invisible elementor-widget elementor-widget-text-editor\" data-id=\"6746c84\" data-element_type=\"widget\" data-e-type=\"widget\" data-settings=\"{&quot;_animation&quot;:&quot;fadeInUp&quot;,&quot;_animation_delay&quot;:300}\" data-widget_type=\"text-editor.default\">\n\t\t\t\t<div class=\"elementor-widget-container\">\n\t\t\t\t\t\t\t\t\t<p><b>Specialistomr\u00e5den:<\/b> Fotbollsstrategi, talangutveckling och grenspecifik coachning.<\/p><p>Elena \u00e4r f\u00f6r nuvarande huvudtr\u00e4nare f\u00f6r Celtic FC Women.<\/p><p>Elena har tidigare hj\u00e4lpt m\u00e5nga unga idrottare att utveckla sitt spel och g\u00f6ra stora framsteg inom elitfotbollen, hela v\u00e4gen till landslagsniv\u00e5. Elenas erfarenhet, beslutsamhet och j\u00e4rnvilja har testats genom 13 operationer, och hon har varje g\u00e5ng visat att &#8221;ge upp&#8221; INTE \u00e4r ett alternativ. <\/p><p><a href=\"tel:+46731484444\">+46 731 48 44 44<\/a><br><a href=\"https:\/\/www.instagram.com\/elenasadiku_\/\">@elenasadiku_<\/a><\/p>\t\t\t\t\t\t\t\t<\/div>\n\t\t\t\t<\/div>\n\t\t\t\t\t<\/div>\n\t\t<\/div>\n\t\t\t\t\t<\/div>\n\t\t<\/section>\n\t\t\t\t<\/div>\n\t\t","protected":false},"excerpt":{"rendered":"<p>Elena Sadiku UEFA A Lic. Coach | Ambassad\u00f6r Specialistomr\u00e5den: Fotbollsstrategi, talangutveckling och grenspecifik coachning. Elena \u00e4r f\u00f6r nuvarande huvudtr\u00e4nare f\u00f6r Celtic FC Women. Elena har tidigare hj\u00e4lpt m\u00e5nga unga idrottare att utveckla sitt spel och g\u00f6ra stora framsteg inom elitfotbollen, &hellip; <a href=\"https:\/\/goatsportsclinic.com\/sv\/vart-team\/elena-sadiku\/\">Read More<\/a><\/p>\n","protected":false},"author":1,"featured_media":5013,"parent":5098,"menu_order":2,"comment_status":"closed","ping_status":"closed","template":"","meta":{"_monsterinsights_skip_tracking":false,"_monsterinsights_sitenote_active":false,"_monsterinsights_sitenote_note":"","_monsterinsights_sitenote_category":0,"footnotes":""},"class_list":["post-5345","page","type-page","status-publish","has-post-thumbnail","hentry"],"_links":{"self":[{"href":"https:\/\/goatsportsclinic.com\/sv\/wp-json\/wp\/v2\/pages\/5345","targetHints":{"allow":["GET"]}}],"collection":[{"href":"https:\/\/goatsportsclinic.com\/sv\/wp-json\/wp\/v2\/pages"}],"about":[{"href":"https:\/\/goatsportsclinic.com\/sv\/wp-json\/wp\/v2\/types\/page"}],"author":[{"embeddable":true,"href":"https:\/\/goatsportsclinic.com\/sv\/wp-json\/wp\/v2\/users\/1"}],"replies":[{"embeddable":true,"href":"https:\/\/goatsportsclinic.com\/sv\/wp-json\/wp\/v2\/comments?post=5345"}],"version-history":[{"count":6,"href":"https:\/\/goatsportsclinic.com\/sv\/wp-json\/wp\/v2\/pages\/5345\/revisions"}],"predecessor-version":[{"id":9227,"href":"https:\/\/goatsportsclinic.com\/sv\/wp-json\/wp\/v2\/pages\/5345\/revisions\/9227"}],"up":[{"embeddable":true,"href":"https:\/\/goatsportsclinic.com\/sv\/wp-json\/wp\/v2\/pages\/5098"}],"wp:featuredmedia":[{"embeddable":true,"href":"https:\/\/goatsportsclinic.com\/sv\/wp-json\/wp\/v2\/media\/5013"}],"wp:attachment":[{"href":"https:\/\/goatsportsclinic.com\/sv\/wp-json\/wp\/v2\/media?parent=5345"}],"curies":[{"name":"wp","href":"https:\/\/api.w.org\/{rel}","templated":true}]}}