{"id":5343,"date":"2024-06-01T15:20:53","date_gmt":"2024-06-01T15:20:53","guid":{"rendered":"https:\/\/goatsportsclinic.com\/coacher\/petri-veikkolainen\/"},"modified":"2025-02-15T20:02:32","modified_gmt":"2025-02-15T20:02:32","slug":"petri-veikkolainen","status":"publish","type":"page","link":"https:\/\/goatsportsclinic.com\/sv\/vart-team\/petri-veikkolainen\/","title":{"rendered":"Petri Veikkolainen"},"content":{"rendered":"\t\t<div data-elementor-type=\"wp-post\" data-elementor-id=\"5343\" class=\"elementor elementor-5343 elementor-5239\" data-elementor-post-type=\"page\">\n\t\t\t\t\t\t<section class=\"elementor-section elementor-top-section elementor-element elementor-element-08a7ef4 elementor-section-full_width elementor-section-height-default elementor-section-height-default\" data-id=\"08a7ef4\" data-element_type=\"section\" data-e-type=\"section\" data-settings=\"{&quot;background_background&quot;:&quot;gradient&quot;}\">\n\t\t\t\t\t\t<div class=\"elementor-container elementor-column-gap-wider\">\n\t\t\t\t\t<div class=\"elementor-column elementor-col-50 elementor-top-column elementor-element elementor-element-5a0dcdd\" data-id=\"5a0dcdd\" data-element_type=\"column\" data-e-type=\"column\" data-settings=\"{&quot;background_background&quot;:&quot;classic&quot;}\">\n\t\t\t<div class=\"elementor-widget-wrap elementor-element-populated\">\n\t\t\t\t\t\t<div class=\"elementor-element elementor-element-e3dcb82 elementor-widget elementor-widget-spacer\" data-id=\"e3dcb82\" data-element_type=\"widget\" data-e-type=\"widget\" data-widget_type=\"spacer.default\">\n\t\t\t\t<div class=\"elementor-widget-container\">\n\t\t\t\t\t\t\t<div class=\"elementor-spacer\">\n\t\t\t<div class=\"elementor-spacer-inner\"><\/div>\n\t\t<\/div>\n\t\t\t\t\t\t<\/div>\n\t\t\t\t<\/div>\n\t\t\t\t\t<\/div>\n\t\t<\/div>\n\t\t\t\t<div class=\"elementor-column elementor-col-50 elementor-top-column elementor-element elementor-element-56d519f\" data-id=\"56d519f\" data-element_type=\"column\" data-e-type=\"column\" data-settings=\"{&quot;background_background&quot;:&quot;classic&quot;}\">\n\t\t\t<div class=\"elementor-widget-wrap elementor-element-populated\">\n\t\t\t\t\t\t<div class=\"elementor-element elementor-element-f75dd74 elementor-invisible elementor-widget elementor-widget-heading\" data-id=\"f75dd74\" data-element_type=\"widget\" data-e-type=\"widget\" data-settings=\"{&quot;_animation&quot;:&quot;fadeInUp&quot;,&quot;_animation_delay&quot;:&quot;150&quot;}\" data-widget_type=\"heading.default\">\n\t\t\t\t<div class=\"elementor-widget-container\">\n\t\t\t\t\t<h1 class=\"elementor-heading-title elementor-size-default\">Petri Veikkolainen<\/h1>\t\t\t\t<\/div>\n\t\t\t\t<\/div>\n\t\t\t\t<div class=\"elementor-element elementor-element-b0aca55 elementor-invisible elementor-widget elementor-widget-heading\" data-id=\"b0aca55\" data-element_type=\"widget\" data-e-type=\"widget\" data-settings=\"{&quot;_animation&quot;:&quot;fadeInUp&quot;,&quot;_animation_delay&quot;:&quot;150&quot;}\" data-widget_type=\"heading.default\">\n\t\t\t\t<div class=\"elementor-widget-container\">\n\t\t\t\t\t<h2 class=\"elementor-heading-title elementor-size-default\">VIP ME Tennis Academy | Tennis Coach<\/h2>\t\t\t\t<\/div>\n\t\t\t\t<\/div>\n\t\t\t\t<div class=\"elementor-element elementor-element-6746c84 elementor-invisible elementor-widget elementor-widget-text-editor\" data-id=\"6746c84\" data-element_type=\"widget\" data-e-type=\"widget\" data-settings=\"{&quot;_animation&quot;:&quot;fadeInUp&quot;,&quot;_animation_delay&quot;:300}\" data-widget_type=\"text-editor.default\">\n\t\t\t\t<div class=\"elementor-widget-container\">\n\t\t\t\t\t\t\t\t\t<p><b>Specialistomr\u00e5den:<\/b> Tennis coachning<\/p><p>Petri har genom \u00e5ren varit extremt noggrann med detaljerna. F\u00f6r en snabbare utveckling och f\u00f6rb\u00e4ttring b\u00f6r man f\u00f6rdjupa sig i detaljniv\u00e5 \u00e4r Petris motto. Tennis \u00e4r hans passion och h\u00e4ngivenheten till varje klient utm\u00e4rker sig i hans s\u00e4tt att arbeta.  <\/p><p>Petris bakgrund har varit friidrott, fotboll, racketsport samt \u00e4ven bowling. D\u00e4r friidrott gett honom f\u00f6rst\u00e5elsen bl.a f\u00f6r koordination samt rytmik. <\/p><p>Petri hittar ni i Stockholm.<\/p><p><a href=\"tel:+46707630979\">+46 707 63 09 79<\/a><\/p>\t\t\t\t\t\t\t\t<\/div>\n\t\t\t\t<\/div>\n\t\t\t\t\t<\/div>\n\t\t<\/div>\n\t\t\t\t\t<\/div>\n\t\t<\/section>\n\t\t\t\t<\/div>\n\t\t","protected":false},"excerpt":{"rendered":"<p>Petri Veikkolainen VIP ME Tennis Academy | Tennis Coach Specialistomr\u00e5den: Tennis coachning Petri har genom \u00e5ren varit extremt noggrann med detaljerna. F\u00f6r en snabbare utveckling och f\u00f6rb\u00e4ttring b\u00f6r man f\u00f6rdjupa sig i detaljniv\u00e5 \u00e4r Petris motto. Tennis \u00e4r hans passion &hellip; <a href=\"https:\/\/goatsportsclinic.com\/sv\/vart-team\/petri-veikkolainen\/\">Read More<\/a><\/p>\n","protected":false},"author":1,"featured_media":5017,"parent":5098,"menu_order":2,"comment_status":"closed","ping_status":"closed","template":"","meta":{"_monsterinsights_skip_tracking":false,"_monsterinsights_sitenote_active":false,"_monsterinsights_sitenote_note":"","_monsterinsights_sitenote_category":0,"footnotes":""},"class_list":["post-5343","page","type-page","status-publish","has-post-thumbnail","hentry"],"_links":{"self":[{"href":"https:\/\/goatsportsclinic.com\/sv\/wp-json\/wp\/v2\/pages\/5343","targetHints":{"allow":["GET"]}}],"collection":[{"href":"https:\/\/goatsportsclinic.com\/sv\/wp-json\/wp\/v2\/pages"}],"about":[{"href":"https:\/\/goatsportsclinic.com\/sv\/wp-json\/wp\/v2\/types\/page"}],"author":[{"embeddable":true,"href":"https:\/\/goatsportsclinic.com\/sv\/wp-json\/wp\/v2\/users\/1"}],"replies":[{"embeddable":true,"href":"https:\/\/goatsportsclinic.com\/sv\/wp-json\/wp\/v2\/comments?post=5343"}],"version-history":[{"count":5,"href":"https:\/\/goatsportsclinic.com\/sv\/wp-json\/wp\/v2\/pages\/5343\/revisions"}],"predecessor-version":[{"id":7944,"href":"https:\/\/goatsportsclinic.com\/sv\/wp-json\/wp\/v2\/pages\/5343\/revisions\/7944"}],"up":[{"embeddable":true,"href":"https:\/\/goatsportsclinic.com\/sv\/wp-json\/wp\/v2\/pages\/5098"}],"wp:featuredmedia":[{"embeddable":true,"href":"https:\/\/goatsportsclinic.com\/sv\/wp-json\/wp\/v2\/media\/5017"}],"wp:attachment":[{"href":"https:\/\/goatsportsclinic.com\/sv\/wp-json\/wp\/v2\/media?parent=5343"}],"curies":[{"name":"wp","href":"https:\/\/api.w.org\/{rel}","templated":true}]}}