{"id":5341,"date":"2024-06-01T15:24:09","date_gmt":"2024-06-01T15:24:09","guid":{"rendered":"https:\/\/goatsportsclinic.com\/coacher\/rebecca-farouq\/"},"modified":"2026-04-22T14:12:06","modified_gmt":"2026-04-22T14:12:06","slug":"rebecca-farouq","status":"publish","type":"page","link":"https:\/\/goatsportsclinic.com\/sv\/vart-team\/rebecca-farouq\/","title":{"rendered":"Rebecca Farouq"},"content":{"rendered":"\t\t<div data-elementor-type=\"wp-post\" data-elementor-id=\"5341\" class=\"elementor elementor-5341 elementor-5247\" data-elementor-post-type=\"page\">\n\t\t\t\t\t\t<section class=\"elementor-section elementor-top-section elementor-element elementor-element-08a7ef4 elementor-section-full_width elementor-section-height-default elementor-section-height-default\" data-id=\"08a7ef4\" data-element_type=\"section\" data-e-type=\"section\" data-settings=\"{&quot;background_background&quot;:&quot;gradient&quot;}\">\n\t\t\t\t\t\t<div class=\"elementor-container elementor-column-gap-wider\">\n\t\t\t\t\t<div class=\"elementor-column elementor-col-50 elementor-top-column elementor-element elementor-element-5a0dcdd\" data-id=\"5a0dcdd\" data-element_type=\"column\" data-e-type=\"column\" data-settings=\"{&quot;background_background&quot;:&quot;classic&quot;}\">\n\t\t\t<div class=\"elementor-widget-wrap elementor-element-populated\">\n\t\t\t\t\t\t<div class=\"elementor-element elementor-element-e3dcb82 elementor-widget elementor-widget-spacer\" data-id=\"e3dcb82\" data-element_type=\"widget\" data-e-type=\"widget\" data-widget_type=\"spacer.default\">\n\t\t\t\t<div class=\"elementor-widget-container\">\n\t\t\t\t\t\t\t<div class=\"elementor-spacer\">\n\t\t\t<div class=\"elementor-spacer-inner\"><\/div>\n\t\t<\/div>\n\t\t\t\t\t\t<\/div>\n\t\t\t\t<\/div>\n\t\t\t\t\t<\/div>\n\t\t<\/div>\n\t\t\t\t<div class=\"elementor-column elementor-col-50 elementor-top-column elementor-element elementor-element-56d519f\" data-id=\"56d519f\" data-element_type=\"column\" data-e-type=\"column\" data-settings=\"{&quot;background_background&quot;:&quot;classic&quot;}\">\n\t\t\t<div class=\"elementor-widget-wrap elementor-element-populated\">\n\t\t\t\t\t\t<div class=\"elementor-element elementor-element-f75dd74 elementor-invisible elementor-widget elementor-widget-heading\" data-id=\"f75dd74\" data-element_type=\"widget\" data-e-type=\"widget\" data-settings=\"{&quot;_animation&quot;:&quot;fadeInUp&quot;,&quot;_animation_delay&quot;:&quot;150&quot;}\" data-widget_type=\"heading.default\">\n\t\t\t\t<div class=\"elementor-widget-container\">\n\t\t\t\t\t<h1 class=\"elementor-heading-title elementor-size-default\">Rebecca Farouq<\/h1>\t\t\t\t<\/div>\n\t\t\t\t<\/div>\n\t\t\t\t<div class=\"elementor-element elementor-element-b0aca55 elementor-invisible elementor-widget elementor-widget-heading\" data-id=\"b0aca55\" data-element_type=\"widget\" data-e-type=\"widget\" data-settings=\"{&quot;_animation&quot;:&quot;fadeInUp&quot;,&quot;_animation_delay&quot;:&quot;150&quot;}\" data-widget_type=\"heading.default\">\n\t\t\t\t<div class=\"elementor-widget-container\">\n\t\t\t\t\t<h2 class=\"elementor-heading-title elementor-size-default\">WIT Academy | Coach<\/h2>\t\t\t\t<\/div>\n\t\t\t\t<\/div>\n\t\t\t\t<div class=\"elementor-element elementor-element-6746c84 elementor-invisible elementor-widget elementor-widget-text-editor\" data-id=\"6746c84\" data-element_type=\"widget\" data-e-type=\"widget\" data-settings=\"{&quot;_animation&quot;:&quot;fadeInUp&quot;,&quot;_animation_delay&quot;:300}\" data-widget_type=\"text-editor.default\">\n\t\t\t\t<div class=\"elementor-widget-container\">\n\t\t\t\t\t\t\t\t\t<p><b>Specialistomr\u00e5den:<\/b> Personlig coachning, fystr\u00e4ning bl.a inom racketsport och kvinnors fysiologi.<\/p><p>Rebeccas passion f\u00f6r coachning drivs ur hennes egen resa att lyckas inom tennis samt att sprida gl\u00e4dje. Hennes erfarenhet och f\u00f6rst\u00e5else f\u00f6r tr\u00e4ning samt idrottarens fysiska och psykologiska utmaningar g\u00f6r att hon kan s\u00e4tta sig in i sina klienters situationer och f\u00f6rst\u00e5 vad som \u00e4r r\u00e4tt f\u00f6r dem. <\/p><p>Hennes fokus ligger p\u00e5 att utveckla personer b\u00e5de prestationsm\u00e4ssigt och som m\u00e4nniskor, efter vad de beh\u00f6ver i termer av h\u00e4lsa, utveckling samt i gl\u00e4dje till sin sport.<\/p><p>Rebecca hittar ni i Stockholm.<\/p><p><a href=\"mailto:rebecca.farouq@goatfactorygroup.com\">rebecca.farouq@goatfactorygroup.com<\/a><br><a href=\"tel:+46708840635\">+46 708 84 06 35<\/a><br><a href=\"https:\/\/www.instagram.com\/rebeccafarouq\/\">@rebeccafarouq<\/a><\/p>\t\t\t\t\t\t\t\t<\/div>\n\t\t\t\t<\/div>\n\t\t\t\t\t<\/div>\n\t\t<\/div>\n\t\t\t\t\t<\/div>\n\t\t<\/section>\n\t\t\t\t<\/div>\n\t\t","protected":false},"excerpt":{"rendered":"<p>Rebecca Farouq WIT Academy | Coach Specialistomr\u00e5den: Personlig coachning, fystr\u00e4ning bl.a inom racketsport och kvinnors fysiologi. Rebeccas passion f\u00f6r coachning drivs ur hennes egen resa att lyckas inom tennis samt att sprida gl\u00e4dje. Hennes erfarenhet och f\u00f6rst\u00e5else f\u00f6r tr\u00e4ning samt &hellip; <a href=\"https:\/\/goatsportsclinic.com\/sv\/vart-team\/rebecca-farouq\/\">Read More<\/a><\/p>\n","protected":false},"author":1,"featured_media":5021,"parent":5098,"menu_order":2,"comment_status":"closed","ping_status":"closed","template":"","meta":{"_monsterinsights_skip_tracking":false,"_monsterinsights_sitenote_active":false,"_monsterinsights_sitenote_note":"","_monsterinsights_sitenote_category":0,"footnotes":""},"class_list":["post-5341","page","type-page","status-publish","has-post-thumbnail","hentry"],"_links":{"self":[{"href":"https:\/\/goatsportsclinic.com\/sv\/wp-json\/wp\/v2\/pages\/5341","targetHints":{"allow":["GET"]}}],"collection":[{"href":"https:\/\/goatsportsclinic.com\/sv\/wp-json\/wp\/v2\/pages"}],"about":[{"href":"https:\/\/goatsportsclinic.com\/sv\/wp-json\/wp\/v2\/types\/page"}],"author":[{"embeddable":true,"href":"https:\/\/goatsportsclinic.com\/sv\/wp-json\/wp\/v2\/users\/1"}],"replies":[{"embeddable":true,"href":"https:\/\/goatsportsclinic.com\/sv\/wp-json\/wp\/v2\/comments?post=5341"}],"version-history":[{"count":4,"href":"https:\/\/goatsportsclinic.com\/sv\/wp-json\/wp\/v2\/pages\/5341\/revisions"}],"predecessor-version":[{"id":11979,"href":"https:\/\/goatsportsclinic.com\/sv\/wp-json\/wp\/v2\/pages\/5341\/revisions\/11979"}],"up":[{"embeddable":true,"href":"https:\/\/goatsportsclinic.com\/sv\/wp-json\/wp\/v2\/pages\/5098"}],"wp:featuredmedia":[{"embeddable":true,"href":"https:\/\/goatsportsclinic.com\/sv\/wp-json\/wp\/v2\/media\/5021"}],"wp:attachment":[{"href":"https:\/\/goatsportsclinic.com\/sv\/wp-json\/wp\/v2\/media?parent=5341"}],"curies":[{"name":"wp","href":"https:\/\/api.w.org\/{rel}","templated":true}]}}