{"id":5339,"date":"2024-06-01T15:02:02","date_gmt":"2024-06-01T15:02:02","guid":{"rendered":"https:\/\/goatsportsclinic.com\/coacher\/adrian-skepi\/"},"modified":"2026-04-18T08:14:33","modified_gmt":"2026-04-18T08:14:33","slug":"adrian-skepi","status":"publish","type":"page","link":"https:\/\/goatsportsclinic.com\/sv\/vart-team\/adrian-skepi\/","title":{"rendered":"Adrian Skepi"},"content":{"rendered":"\t\t<div data-elementor-type=\"wp-post\" data-elementor-id=\"5339\" class=\"elementor elementor-5339 elementor-5107\" data-elementor-post-type=\"page\">\n\t\t\t\t\t\t<section class=\"elementor-section elementor-top-section elementor-element elementor-element-08a7ef4 elementor-section-full_width elementor-section-height-default elementor-section-height-default\" data-id=\"08a7ef4\" data-element_type=\"section\" data-e-type=\"section\" data-settings=\"{&quot;background_background&quot;:&quot;gradient&quot;}\">\n\t\t\t\t\t\t<div class=\"elementor-container elementor-column-gap-wider\">\n\t\t\t\t\t<div class=\"elementor-column elementor-col-50 elementor-top-column elementor-element elementor-element-5a0dcdd\" data-id=\"5a0dcdd\" data-element_type=\"column\" data-e-type=\"column\" data-settings=\"{&quot;background_background&quot;:&quot;classic&quot;}\">\n\t\t\t<div class=\"elementor-widget-wrap elementor-element-populated\">\n\t\t\t\t\t\t<div class=\"elementor-element elementor-element-e3dcb82 elementor-widget elementor-widget-spacer\" data-id=\"e3dcb82\" data-element_type=\"widget\" data-e-type=\"widget\" data-widget_type=\"spacer.default\">\n\t\t\t\t<div class=\"elementor-widget-container\">\n\t\t\t\t\t\t\t<div class=\"elementor-spacer\">\n\t\t\t<div class=\"elementor-spacer-inner\"><\/div>\n\t\t<\/div>\n\t\t\t\t\t\t<\/div>\n\t\t\t\t<\/div>\n\t\t\t\t\t<\/div>\n\t\t<\/div>\n\t\t\t\t<div class=\"elementor-column elementor-col-50 elementor-top-column elementor-element elementor-element-56d519f\" data-id=\"56d519f\" data-element_type=\"column\" data-e-type=\"column\" data-settings=\"{&quot;background_background&quot;:&quot;classic&quot;}\">\n\t\t\t<div class=\"elementor-widget-wrap elementor-element-populated\">\n\t\t\t\t\t\t<div class=\"elementor-element elementor-element-f75dd74 elementor-invisible elementor-widget elementor-widget-heading\" data-id=\"f75dd74\" data-element_type=\"widget\" data-e-type=\"widget\" data-settings=\"{&quot;_animation&quot;:&quot;fadeInUp&quot;,&quot;_animation_delay&quot;:&quot;150&quot;}\" data-widget_type=\"heading.default\">\n\t\t\t\t<div class=\"elementor-widget-container\">\n\t\t\t\t\t<h1 class=\"elementor-heading-title elementor-size-default\">Adrian Skepi<\/h1>\t\t\t\t<\/div>\n\t\t\t\t<\/div>\n\t\t\t\t<div class=\"elementor-element elementor-element-b0aca55 elementor-invisible elementor-widget elementor-widget-heading\" data-id=\"b0aca55\" data-element_type=\"widget\" data-e-type=\"widget\" data-settings=\"{&quot;_animation&quot;:&quot;fadeInUp&quot;,&quot;_animation_delay&quot;:&quot;150&quot;}\" data-widget_type=\"heading.default\">\n\t\t\t\t<div class=\"elementor-widget-container\">\n\t\t\t\t\t<h2 class=\"elementor-heading-title elementor-size-default\">Fyscoach<\/h2>\t\t\t\t<\/div>\n\t\t\t\t<\/div>\n\t\t\t\t<div class=\"elementor-element elementor-element-6746c84 elementor-invisible elementor-widget elementor-widget-text-editor\" data-id=\"6746c84\" data-element_type=\"widget\" data-e-type=\"widget\" data-settings=\"{&quot;_animation&quot;:&quot;fadeInUp&quot;,&quot;_animation_delay&quot;:300}\" data-widget_type=\"text-editor.default\">\n\t\t\t\t<div class=\"elementor-widget-container\">\n\t\t\t\t\t\t\t\t\t<p><b>Specialistomr\u00e5den:<\/b> Rehabilitering, elittr\u00e4ning och fystr\u00e4ning inom olika idrotter.<\/p><p>Adrian har genom \u00e5ren hj\u00e4lpt b\u00e5de motion\u00e4rer och elitidrottare med l\u00e5ngsiktig tr\u00e4ning. Att utg\u00e5 fr\u00e5n individen och verkligen kartl\u00e4gga d\u00e4rifr\u00e5n \u00e4r precis det som kr\u00e4vs f\u00f6r att komma ig\u00e5ng. Med en bred verktygsl\u00e5da av \u00f6vningar och metoder kan ni tillsammans skapa en frisk kropp med en h\u00e4lsosam livsstil som passar er.  <\/p><p>Adrian utm\u00e4rker sig som en lyh\u00f6rd coach som arbetar pedagogiskt med nul\u00e4gesanalyser samt personlig coachning av individer, f\u00f6retag och idrottsklubbar.<\/p><p>Adrian hittar ni i Stockholm.<\/p><p><a href=\"mailto:adrian.skepi@goatfactorygroup.com\">adrian.skepi@goatfactorygroup.com<\/a><br><a href=\"tel:+46762962788\">+46 762 96 27 88<\/a><br><a href=\"https:\/\/www.instagram.com\/coachskepi\/\">@coachskepi<\/a><\/p>\t\t\t\t\t\t\t\t<\/div>\n\t\t\t\t<\/div>\n\t\t\t\t\t<\/div>\n\t\t<\/div>\n\t\t\t\t\t<\/div>\n\t\t<\/section>\n\t\t\t\t<\/div>\n\t\t","protected":false},"excerpt":{"rendered":"<p>Adrian Skepi Fyscoach Specialistomr\u00e5den: Rehabilitering, elittr\u00e4ning och fystr\u00e4ning inom olika idrotter. Adrian har genom \u00e5ren hj\u00e4lpt b\u00e5de motion\u00e4rer och elitidrottare med l\u00e5ngsiktig tr\u00e4ning. Att utg\u00e5 fr\u00e5n individen och verkligen kartl\u00e4gga d\u00e4rifr\u00e5n \u00e4r precis det som kr\u00e4vs f\u00f6r att komma ig\u00e5ng. &hellip; <a href=\"https:\/\/goatsportsclinic.com\/sv\/vart-team\/adrian-skepi\/\">Read More<\/a><\/p>\n","protected":false},"author":1,"featured_media":2686,"parent":5098,"menu_order":2,"comment_status":"closed","ping_status":"closed","template":"","meta":{"_monsterinsights_skip_tracking":false,"_monsterinsights_sitenote_active":false,"_monsterinsights_sitenote_note":"","_monsterinsights_sitenote_category":0,"footnotes":""},"class_list":["post-5339","page","type-page","status-publish","has-post-thumbnail","hentry"],"_links":{"self":[{"href":"https:\/\/goatsportsclinic.com\/sv\/wp-json\/wp\/v2\/pages\/5339","targetHints":{"allow":["GET"]}}],"collection":[{"href":"https:\/\/goatsportsclinic.com\/sv\/wp-json\/wp\/v2\/pages"}],"about":[{"href":"https:\/\/goatsportsclinic.com\/sv\/wp-json\/wp\/v2\/types\/page"}],"author":[{"embeddable":true,"href":"https:\/\/goatsportsclinic.com\/sv\/wp-json\/wp\/v2\/users\/1"}],"replies":[{"embeddable":true,"href":"https:\/\/goatsportsclinic.com\/sv\/wp-json\/wp\/v2\/comments?post=5339"}],"version-history":[{"count":10,"href":"https:\/\/goatsportsclinic.com\/sv\/wp-json\/wp\/v2\/pages\/5339\/revisions"}],"predecessor-version":[{"id":11886,"href":"https:\/\/goatsportsclinic.com\/sv\/wp-json\/wp\/v2\/pages\/5339\/revisions\/11886"}],"up":[{"embeddable":true,"href":"https:\/\/goatsportsclinic.com\/sv\/wp-json\/wp\/v2\/pages\/5098"}],"wp:featuredmedia":[{"embeddable":true,"href":"https:\/\/goatsportsclinic.com\/sv\/wp-json\/wp\/v2\/media\/2686"}],"wp:attachment":[{"href":"https:\/\/goatsportsclinic.com\/sv\/wp-json\/wp\/v2\/media?parent=5339"}],"curies":[{"name":"wp","href":"https:\/\/api.w.org\/{rel}","templated":true}]}}